{"id":1010,"date":"2022-12-18T00:17:51","date_gmt":"2022-12-18T00:17:51","guid":{"rendered":"https:\/\/beawhale.lt\/?page_id=1010"},"modified":"2023-12-11T00:58:18","modified_gmt":"2023-12-10T21:58:18","slug":"straipsniai","status":"publish","type":"page","link":"https:\/\/beawhale.lt\/en\/straipsniai\/","title":{"rendered":"Straipsniai"},"content":{"rendered":"<div data-elementor-type=\"wp-page\" data-elementor-id=\"1010\" class=\"elementor elementor-1010\" data-elementor-post-type=\"page\">\n\t\t\t\t\t\t<section class=\"elementor-section elementor-top-section elementor-element elementor-element-ad29b50 elementor-section-boxed elementor-section-height-default elementor-section-height-default\" data-id=\"ad29b50\" data-element_type=\"section\">\n\t\t\t\t\t\t<div class=\"elementor-container elementor-column-gap-default\">\n\t\t\t\t\t<div class=\"elementor-column elementor-col-100 elementor-top-column elementor-element elementor-element-3308564\" data-id=\"3308564\" data-element_type=\"column\">\n\t\t\t<div class=\"elementor-widget-wrap elementor-element-populated\">\n\t\t\t\t\t\t<div class=\"elementor-element elementor-element-3e9460a elementor-widget elementor-widget-heading\" data-id=\"3e9460a\" data-element_type=\"widget\" data-widget_type=\"heading.default\">\n\t\t\t\t<div class=\"elementor-widget-container\">\n\t\t\t\t\t<h1 class=\"elementor-heading-title elementor-size-default\">Straipsniai<\/h1>\t\t\t\t<\/div>\n\t\t\t\t<\/div>\n\t\t\t\t<div class=\"elementor-element elementor-element-8b92a97 elementor-grid-2 elementor-grid-tablet-2 elementor-grid-mobile-1 elementor-posts--thumbnail-top elementor-widget elementor-widget-posts\" data-id=\"8b92a97\" data-element_type=\"widget\" data-settings=\"{&quot;classic_columns&quot;:&quot;2&quot;,&quot;classic_columns_tablet&quot;:&quot;2&quot;,&quot;classic_columns_mobile&quot;:&quot;1&quot;,&quot;classic_row_gap&quot;:{&quot;unit&quot;:&quot;px&quot;,&quot;size&quot;:35,&quot;sizes&quot;:[]},&quot;classic_row_gap_tablet&quot;:{&quot;unit&quot;:&quot;px&quot;,&quot;size&quot;:&quot;&quot;,&quot;sizes&quot;:[]},&quot;classic_row_gap_mobile&quot;:{&quot;unit&quot;:&quot;px&quot;,&quot;size&quot;:&quot;&quot;,&quot;sizes&quot;:[]}}\" data-widget_type=\"posts.classic\">\n\t\t\t\t<div class=\"elementor-widget-container\">\n\t\t\t\t\t\t\t<div class=\"elementor-posts-container elementor-posts elementor-posts--skin-classic elementor-grid\">\n\t\t\t\t<article class=\"elementor-post elementor-grid-item post-1055 post type-post status-publish format-standard hentry category-uncategorized\">\n\t\t\t\t<div class=\"elementor-post__text\">\n\t\t\t\t<h3 class=\"elementor-post__title\">\n\t\t\t<a href=\"https:\/\/beawhale.lt\/en\/blockchain-programavimo-imoniu-privalumai\/\" >\n\t\t\t\tBlockchain programavimo \u012fmoni\u0173 privalumai\t\t\t<\/a>\n\t\t<\/h3>\n\t\t\t\t<div class=\"elementor-post__excerpt\">\n\t\t\t<p>Blockchain programavimo \u012fmoni\u0173 privalumai Blok\u0173 grandin\u0117s technologija gali sukelti revoliucij\u0105 \u012fvairiose pramon\u0117s \u0161akose ir suteikti daug naudos \u012fmon\u0117ms. Organizacijoms, svarstan\u010dioms galimyb\u0119 \u012ftraukti blok\u0173 grandin\u0119 \u012f<\/p>\n\t\t<\/div>\n\t\t\n\t\t<a class=\"elementor-post__read-more\" href=\"https:\/\/beawhale.lt\/en\/blockchain-programavimo-imoniu-privalumai\/\" aria-label=\"Read more about Blockchain programavimo \u012fmoni\u0173 privalumai\" tabindex=\"-1\" >\n\t\t\tSkaityti daugiau \u00bb\t\t<\/a>\n\n\t\t\t\t<\/div>\n\t\t\t\t<\/article>\n\t\t\t\t<article class=\"elementor-post elementor-grid-item post-1050 post type-post status-publish format-standard hentry category-uncategorized\">\n\t\t\t\t<div class=\"elementor-post__text\">\n\t\t\t\t<h3 class=\"elementor-post__title\">\n\t\t\t<a href=\"https:\/\/beawhale.lt\/en\/investiciju-grazos-padidinimas-naudojant-individualu-svetainiu-dizaina\/\" >\n\t\t\t\tInvesticij\u0173 gr\u0105\u017eos padidinimas naudojant individual\u0173 svetaini\u0173 dizain\u0105\t\t\t<\/a>\n\t\t<\/h3>\n\t\t\t\t<div class=\"elementor-post__excerpt\">\n\t\t\t<p>Infdividualus interneto svetain\u0117s dizainas &#8211; tai unikalios ir pritaikytos interneto svetain\u0117s suk\u016brimas verslui ar organizacijai. Tai apima konkre\u010dius kliento poreikius ir reikalavimus atitinkan\u010dios svetain\u0117s k\u016brim\u0105<\/p>\n\t\t<\/div>\n\t\t\n\t\t<a class=\"elementor-post__read-more\" href=\"https:\/\/beawhale.lt\/en\/investiciju-grazos-padidinimas-naudojant-individualu-svetainiu-dizaina\/\" aria-label=\"Read more about Investicij\u0173 gr\u0105\u017eos padidinimas naudojant individual\u0173 svetaini\u0173 dizain\u0105\" tabindex=\"-1\" >\n\t\t\tSkaityti daugiau \u00bb\t\t<\/a>\n\n\t\t\t\t<\/div>\n\t\t\t\t<\/article>\n\t\t\t\t<article class=\"elementor-post elementor-grid-item post-1044 post type-post status-publish format-standard hentry category-uncategorized\">\n\t\t\t\t<div class=\"elementor-post__text\">\n\t\t\t\t<h3 class=\"elementor-post__title\">\n\t\t\t<a href=\"https:\/\/beawhale.lt\/en\/didziausi-uzsakomojo-svetainiu-dizaino-privalumai-jusu-verslui\/\" >\n\t\t\t\tDid\u017eiausi u\u017esakomojo svetaini\u0173 dizaino privalumai j\u016bs\u0173 verslui\t\t\t<\/a>\n\t\t<\/h3>\n\t\t\t\t<div class=\"elementor-post__excerpt\">\n\t\t\t<p>\u0160iuolaikiniame skaitmeniniame am\u017eiuje interneto svetain\u0117 yra labai svarbi \u012fmon\u0117s buvimo internete sudedamoji dalis. Ji yra \u012fmon\u0117s veidas, kuriame pateikiama informacija apie si\u016blomus produktus ir paslaugas,<\/p>\n\t\t<\/div>\n\t\t\n\t\t<a class=\"elementor-post__read-more\" href=\"https:\/\/beawhale.lt\/en\/didziausi-uzsakomojo-svetainiu-dizaino-privalumai-jusu-verslui\/\" aria-label=\"Read more about Did\u017eiausi u\u017esakomojo svetaini\u0173 dizaino privalumai j\u016bs\u0173 verslui\" tabindex=\"-1\" >\n\t\t\tSkaityti daugiau \u00bb\t\t<\/a>\n\n\t\t\t\t<\/div>\n\t\t\t\t<\/article>\n\t\t\t\t<article class=\"elementor-post elementor-grid-item post-1042 post type-post status-publish format-standard hentry category-uncategorized\">\n\t\t\t\t<div class=\"elementor-post__text\">\n\t\t\t\t<h3 class=\"elementor-post__title\">\n\t\t\t<a href=\"https:\/\/beawhale.lt\/en\/kada-rinktis-programines-irangos-kurima-pagal-uzsakyma-vietoj-gatavu-sprendimu\/\" >\n\t\t\t\tKada rinktis programin\u0117s \u012frangos k\u016brim\u0105 pagal u\u017esakym\u0105, vietoj gatav\u0173 sprendim\u0173?\t\t\t<\/a>\n\t\t<\/h3>\n\t\t\t\t<div class=\"elementor-post__excerpt\">\n\t\t\t<p>Rinkdamiesi programin\u0119 \u012frang\u0105 savo verslui, galite rinktis i\u0161 dviej\u0173 pagrindini\u0173 variant\u0173: programin\u0117s \u012frangos k\u016brimas pagal u\u017esakym\u0105 arba gatavi sprendimai. Abu variantai turi sav\u0173 privalum\u0173 ir<\/p>\n\t\t<\/div>\n\t\t\n\t\t<a class=\"elementor-post__read-more\" href=\"https:\/\/beawhale.lt\/en\/kada-rinktis-programines-irangos-kurima-pagal-uzsakyma-vietoj-gatavu-sprendimu\/\" aria-label=\"Read more about Kada rinktis programin\u0117s \u012frangos k\u016brim\u0105 pagal u\u017esakym\u0105, vietoj gatav\u0173 sprendim\u0173?\" tabindex=\"-1\" >\n\t\t\tSkaityti daugiau \u00bb\t\t<\/a>\n\n\t\t\t\t<\/div>\n\t\t\t\t<\/article>\n\t\t\t\t<article class=\"elementor-post elementor-grid-item post-1040 post type-post status-publish format-standard hentry category-uncategorized\">\n\t\t\t\t<div class=\"elementor-post__text\">\n\t\t\t\t<h3 class=\"elementor-post__title\">\n\t\t\t<a href=\"https:\/\/beawhale.lt\/en\/pasirinktinis-svetainiu-kurimas-lyginant-su-gatavais-sprendimais\/\" >\n\t\t\t\tPasirinktinis svetaini\u0173 k\u016brimas lyginant su gatavais sprendimais\t\t\t<\/a>\n\t\t<\/h3>\n\t\t\t\t<div class=\"elementor-post__excerpt\">\n\t\t\t<p>Kurdami savo verslo svetain\u0119, galite rinktis i\u0161 dviej\u0173 pagrindini\u0173 variant\u0173: u\u017esakomosios interneto svetain\u0117s k\u016brimo arba gatav\u0173 sprendim\u0173. Abu turi sav\u0173 privalum\u0173 ir tr\u016bkum\u0173, o teisingas<\/p>\n\t\t<\/div>\n\t\t\n\t\t<a class=\"elementor-post__read-more\" href=\"https:\/\/beawhale.lt\/en\/pasirinktinis-svetainiu-kurimas-lyginant-su-gatavais-sprendimais\/\" aria-label=\"Read more about Pasirinktinis svetaini\u0173 k\u016brimas lyginant su gatavais sprendimais\" tabindex=\"-1\" >\n\t\t\tSkaityti daugiau \u00bb\t\t<\/a>\n\n\t\t\t\t<\/div>\n\t\t\t\t<\/article>\n\t\t\t\t<article class=\"elementor-post elementor-grid-item post-1038 post type-post status-publish format-standard hentry category-uncategorized\">\n\t\t\t\t<div class=\"elementor-post__text\">\n\t\t\t\t<h3 class=\"elementor-post__title\">\n\t\t\t<a href=\"https:\/\/beawhale.lt\/en\/individualizuotu-svetainiu-kurimo-privalumai\/\" >\n\t\t\t\tIndividualizuot\u0173 svetaini\u0173 k\u016brimo privalumai\t\t\t<\/a>\n\t\t<\/h3>\n\t\t\t\t<div class=\"elementor-post__excerpt\">\n\t\t\t<p>Individualizuot\u0173 svetaini\u0173 k\u016brimo privalumai Interneto svetain\u0117s k\u016brimas yra svarbus \u017eingsnis bet kokiam verslui. \u0160iuolaikin\u0117je rinkoje yra keli keliai link svetain\u0117s paleidimo. Galima tiek pasidaryti pa\u010diam,<\/p>\n\t\t<\/div>\n\t\t\n\t\t<a class=\"elementor-post__read-more\" href=\"https:\/\/beawhale.lt\/en\/individualizuotu-svetainiu-kurimo-privalumai\/\" aria-label=\"Read more about Individualizuot\u0173 svetaini\u0173 k\u016brimo privalumai\" tabindex=\"-1\" >\n\t\t\tSkaityti daugiau \u00bb\t\t<\/a>\n\n\t\t\t\t<\/div>\n\t\t\t\t<\/article>\n\t\t\t\t<article class=\"elementor-post elementor-grid-item post-1011 post type-post status-publish format-standard hentry category-uncategorized\">\n\t\t\t\t<div class=\"elementor-post__text\">\n\t\t\t\t<h3 class=\"elementor-post__title\">\n\t\t\t<a href=\"https:\/\/beawhale.lt\/en\/5-patarimai-kaip-pasirinkti-tinkama-interneto-svetainiu-kurimo-agentura\/\" >\n\t\t\t\t5 patarimai, kaip pasirinkti tinkam\u0105 interneto svetaini\u0173 k\u016brimo agent\u016br\u0105\t\t\t<\/a>\n\t\t<\/h3>\n\t\t\t\t<div class=\"elementor-post__excerpt\">\n\t\t\t<p>5 patarimai, kaip pasirinkti tinkam\u0105 interneto svetaini\u0173 k\u016brimo agent\u016br\u0105 Interneto svetain\u0117 yra bet kokio verslo veidrodis internete, tod\u0117l svarbu, kad ji b\u016bt\u0173 kokybi\u0161ka, patraukli ir<\/p>\n\t\t<\/div>\n\t\t\n\t\t<a class=\"elementor-post__read-more\" href=\"https:\/\/beawhale.lt\/en\/5-patarimai-kaip-pasirinkti-tinkama-interneto-svetainiu-kurimo-agentura\/\" aria-label=\"Read more about 5 patarimai, kaip pasirinkti tinkam\u0105 interneto svetaini\u0173 k\u016brimo agent\u016br\u0105\" tabindex=\"-1\" >\n\t\t\tSkaityti daugiau \u00bb\t\t<\/a>\n\n\t\t\t\t<\/div>\n\t\t\t\t<\/article>\n\t\t\t\t<\/div>\n\t\t\n\t\t\t\t\t\t<\/div>\n\t\t\t\t<\/div>\n\t\t\t\t\t<\/div>\n\t\t<\/div>\n\t\t\t\t\t<\/div>\n\t\t<\/section>\n\t\t\t\t<\/div>","protected":false},"excerpt":{"rendered":"<p>Straipsniai<\/p>","protected":false},"author":2,"featured_media":0,"parent":0,"menu_order":0,"comment_status":"closed","ping_status":"closed","template":"","meta":{"footnotes":""},"class_list":["post-1010","page","type-page","status-publish","hentry"],"yoast_head":"<!-- This site is optimized with the Yoast SEO plugin v26.5 - https:\/\/yoast.com\/wordpress\/plugins\/seo\/ -->\n<title>Straipsniai - BeAWhale<\/title>\n<meta name=\"description\" content=\"Unikalus interneto svetaini\u0173 k\u016brimas \u012fmon\u0117ms. tinklapi\u0173 k\u016brimas, elektronini\u0173 parduotuvi\u0173, puslapi\u0173 k\u016brimas, svetaini\u0173 k\u016brimas, web dizainas. Web3.\" \/>\n<meta name=\"robots\" content=\"index, follow, max-snippet:-1, max-image-preview:large, max-video-preview:-1\" \/>\n<link rel=\"canonical\" href=\"https:\/\/beawhale.lt\/en\/straipsniai\/\" \/>\n<meta property=\"og:locale\" content=\"en_US\" \/>\n<meta property=\"og:type\" content=\"article\" \/>\n<meta property=\"og:title\" content=\"Straipsniai - BeAWhale\" \/>\n<meta property=\"og:description\" content=\"Unikalus interneto svetaini\u0173 k\u016brimas \u012fmon\u0117ms. tinklapi\u0173 k\u016brimas, elektronini\u0173 parduotuvi\u0173, puslapi\u0173 k\u016brimas, svetaini\u0173 k\u016brimas, web dizainas. Web3.\" \/>\n<meta property=\"og:url\" content=\"https:\/\/beawhale.lt\/en\/straipsniai\/\" \/>\n<meta property=\"og:site_name\" content=\"BeAWhale\" \/>\n<meta property=\"article:modified_time\" content=\"2023-12-10T21:58:18+00:00\" \/>\n<meta name=\"twitter:card\" content=\"summary_large_image\" \/>\n<meta name=\"twitter:label1\" content=\"Est. reading time\" \/>\n\t<meta name=\"twitter:data1\" content=\"5 minutes\" \/>\n<script type=\"application\/ld+json\" class=\"yoast-schema-graph\">{\"@context\":\"https:\/\/schema.org\",\"@graph\":[{\"@type\":\"WebPage\",\"@id\":\"https:\/\/beawhale.lt\/straipsniai\/\",\"url\":\"https:\/\/beawhale.lt\/straipsniai\/\",\"name\":\"Straipsniai - BeAWhale\",\"isPartOf\":{\"@id\":\"https:\/\/beawhale.lt\/#website\"},\"datePublished\":\"2022-12-18T00:17:51+00:00\",\"dateModified\":\"2023-12-10T21:58:18+00:00\",\"description\":\"Unikalus interneto svetaini\u0173 k\u016brimas \u012fmon\u0117ms. tinklapi\u0173 k\u016brimas, elektronini\u0173 parduotuvi\u0173, puslapi\u0173 k\u016brimas, svetaini\u0173 k\u016brimas, web dizainas. Web3.\",\"breadcrumb\":{\"@id\":\"https:\/\/beawhale.lt\/straipsniai\/#breadcrumb\"},\"inLanguage\":\"en-US\",\"potentialAction\":[{\"@type\":\"ReadAction\",\"target\":[\"https:\/\/beawhale.lt\/straipsniai\/\"]}]},{\"@type\":\"BreadcrumbList\",\"@id\":\"https:\/\/beawhale.lt\/straipsniai\/#breadcrumb\",\"itemListElement\":[{\"@type\":\"ListItem\",\"position\":1,\"name\":\"Home\",\"item\":\"https:\/\/beawhale.lt\/\"},{\"@type\":\"ListItem\",\"position\":2,\"name\":\"Straipsniai\"}]},{\"@type\":\"WebSite\",\"@id\":\"https:\/\/beawhale.lt\/#website\",\"url\":\"https:\/\/beawhale.lt\/\",\"name\":\"BeAWhale\",\"description\":\"Interneto sprendimai unikaliems verslams\",\"publisher\":{\"@id\":\"https:\/\/beawhale.lt\/#organization\"},\"potentialAction\":[{\"@type\":\"SearchAction\",\"target\":{\"@type\":\"EntryPoint\",\"urlTemplate\":\"https:\/\/beawhale.lt\/?s={search_term_string}\"},\"query-input\":{\"@type\":\"PropertyValueSpecification\",\"valueRequired\":true,\"valueName\":\"search_term_string\"}}],\"inLanguage\":\"en-US\"},{\"@type\":\"Organization\",\"@id\":\"https:\/\/beawhale.lt\/#organization\",\"name\":\"BeAWhale\",\"url\":\"https:\/\/beawhale.lt\/\",\"logo\":{\"@type\":\"ImageObject\",\"inLanguage\":\"en-US\",\"@id\":\"https:\/\/beawhale.lt\/#\/schema\/logo\/image\/\",\"url\":\"http:\/\/beawhale.lt\/wp-content\/uploads\/2022\/12\/BE-A-WHALE-4-1.png\",\"contentUrl\":\"http:\/\/beawhale.lt\/wp-content\/uploads\/2022\/12\/BE-A-WHALE-4-1.png\",\"width\":500,\"height\":500,\"caption\":\"BeAWhale\"},\"image\":{\"@id\":\"https:\/\/beawhale.lt\/#\/schema\/logo\/image\/\"}}]}<\/script>\n<!-- \/ Yoast SEO plugin. -->","yoast_head_json":{"title":"Straipsniai - BeAWhale","description":"Unikalus interneto svetaini\u0173 k\u016brimas \u012fmon\u0117ms. tinklapi\u0173 k\u016brimas, elektronini\u0173 parduotuvi\u0173, puslapi\u0173 k\u016brimas, svetaini\u0173 k\u016brimas, web dizainas. Web3.","robots":{"index":"index","follow":"follow","max-snippet":"max-snippet:-1","max-image-preview":"max-image-preview:large","max-video-preview":"max-video-preview:-1"},"canonical":"https:\/\/beawhale.lt\/en\/straipsniai\/","og_locale":"en_US","og_type":"article","og_title":"Straipsniai - BeAWhale","og_description":"Unikalus interneto svetaini\u0173 k\u016brimas \u012fmon\u0117ms. tinklapi\u0173 k\u016brimas, elektronini\u0173 parduotuvi\u0173, puslapi\u0173 k\u016brimas, svetaini\u0173 k\u016brimas, web dizainas. Web3.","og_url":"https:\/\/beawhale.lt\/en\/straipsniai\/","og_site_name":"BeAWhale","article_modified_time":"2023-12-10T21:58:18+00:00","twitter_card":"summary_large_image","twitter_misc":{"Est. reading time":"5 minutes"},"schema":{"@context":"https:\/\/schema.org","@graph":[{"@type":"WebPage","@id":"https:\/\/beawhale.lt\/straipsniai\/","url":"https:\/\/beawhale.lt\/straipsniai\/","name":"Straipsniai - BeAWhale","isPartOf":{"@id":"https:\/\/beawhale.lt\/#website"},"datePublished":"2022-12-18T00:17:51+00:00","dateModified":"2023-12-10T21:58:18+00:00","description":"Unikalus interneto svetaini\u0173 k\u016brimas \u012fmon\u0117ms. tinklapi\u0173 k\u016brimas, elektronini\u0173 parduotuvi\u0173, puslapi\u0173 k\u016brimas, svetaini\u0173 k\u016brimas, web dizainas. Web3.","breadcrumb":{"@id":"https:\/\/beawhale.lt\/straipsniai\/#breadcrumb"},"inLanguage":"en-US","potentialAction":[{"@type":"ReadAction","target":["https:\/\/beawhale.lt\/straipsniai\/"]}]},{"@type":"BreadcrumbList","@id":"https:\/\/beawhale.lt\/straipsniai\/#breadcrumb","itemListElement":[{"@type":"ListItem","position":1,"name":"Home","item":"https:\/\/beawhale.lt\/"},{"@type":"ListItem","position":2,"name":"Straipsniai"}]},{"@type":"WebSite","@id":"https:\/\/beawhale.lt\/#website","url":"https:\/\/beawhale.lt\/","name":"BeAWhale","description":"Interneto sprendimai unikaliems verslams","publisher":{"@id":"https:\/\/beawhale.lt\/#organization"},"potentialAction":[{"@type":"SearchAction","target":{"@type":"EntryPoint","urlTemplate":"https:\/\/beawhale.lt\/?s={search_term_string}"},"query-input":{"@type":"PropertyValueSpecification","valueRequired":true,"valueName":"search_term_string"}}],"inLanguage":"en-US"},{"@type":"Organization","@id":"https:\/\/beawhale.lt\/#organization","name":"BeAWhale","url":"https:\/\/beawhale.lt\/","logo":{"@type":"ImageObject","inLanguage":"en-US","@id":"https:\/\/beawhale.lt\/#\/schema\/logo\/image\/","url":"http:\/\/beawhale.lt\/wp-content\/uploads\/2022\/12\/BE-A-WHALE-4-1.png","contentUrl":"http:\/\/beawhale.lt\/wp-content\/uploads\/2022\/12\/BE-A-WHALE-4-1.png","width":500,"height":500,"caption":"BeAWhale"},"image":{"@id":"https:\/\/beawhale.lt\/#\/schema\/logo\/image\/"}}]}},"_links":{"self":[{"href":"https:\/\/beawhale.lt\/en\/wp-json\/wp\/v2\/pages\/1010","targetHints":{"allow":["GET"]}}],"collection":[{"href":"https:\/\/beawhale.lt\/en\/wp-json\/wp\/v2\/pages"}],"about":[{"href":"https:\/\/beawhale.lt\/en\/wp-json\/wp\/v2\/types\/page"}],"author":[{"embeddable":true,"href":"https:\/\/beawhale.lt\/en\/wp-json\/wp\/v2\/users\/2"}],"replies":[{"embeddable":true,"href":"https:\/\/beawhale.lt\/en\/wp-json\/wp\/v2\/comments?post=1010"}],"version-history":[{"count":26,"href":"https:\/\/beawhale.lt\/en\/wp-json\/wp\/v2\/pages\/1010\/revisions"}],"predecessor-version":[{"id":1735,"href":"https:\/\/beawhale.lt\/en\/wp-json\/wp\/v2\/pages\/1010\/revisions\/1735"}],"wp:attachment":[{"href":"https:\/\/beawhale.lt\/en\/wp-json\/wp\/v2\/media?parent=1010"}],"curies":[{"name":"wp","href":"https:\/\/api.w.org\/{rel}","templated":true}]}}