{"id":1730,"date":"2023-12-10T01:27:31","date_gmt":"2023-12-09T22:27:31","guid":{"rendered":"https:\/\/beawhale.lt\/?page_id=1730"},"modified":"2023-12-11T18:20:18","modified_gmt":"2023-12-11T15:20:18","slug":"projektu-analize","status":"publish","type":"page","link":"https:\/\/beawhale.lt\/en\/projektu-analize\/","title":{"rendered":"Projekt\u0173 analiz\u0117"},"content":{"rendered":"<div data-elementor-type=\"wp-page\" data-elementor-id=\"1730\" class=\"elementor elementor-1730\" data-elementor-post-type=\"page\">\n\t\t\t\t\t\t<section class=\"elementor-section elementor-top-section elementor-element elementor-element-90002de elementor-section-boxed elementor-section-height-default elementor-section-height-default\" data-id=\"90002de\" data-element_type=\"section\">\n\t\t\t\t\t\t<div class=\"elementor-container elementor-column-gap-default\">\n\t\t\t\t\t<div class=\"elementor-column elementor-col-100 elementor-top-column elementor-element elementor-element-81f807d\" data-id=\"81f807d\" data-element_type=\"column\">\n\t\t\t<div class=\"elementor-widget-wrap elementor-element-populated\">\n\t\t\t\t\t\t<div class=\"elementor-element elementor-element-7fd216d elementor-widget elementor-widget-heading\" data-id=\"7fd216d\" data-element_type=\"widget\" data-widget_type=\"heading.default\">\n\t\t\t\t<div class=\"elementor-widget-container\">\n\t\t\t\t\t<h2 class=\"elementor-heading-title elementor-size-default\">PROJEKT\u0172 ANALIZ\u0116<\/h2>\t\t\t\t<\/div>\n\t\t\t\t<\/div>\n\t\t\t\t\t<\/div>\n\t\t<\/div>\n\t\t\t\t\t<\/div>\n\t\t<\/section>\n\t\t\t\t<section class=\"elementor-section elementor-top-section elementor-element elementor-element-846e03f elementor-section-boxed elementor-section-height-default elementor-section-height-default\" data-id=\"846e03f\" data-element_type=\"section\">\n\t\t\t\t\t\t<div class=\"elementor-container elementor-column-gap-default\">\n\t\t\t\t\t<div class=\"elementor-column elementor-col-50 elementor-top-column elementor-element elementor-element-ee6a4fd\" data-id=\"ee6a4fd\" data-element_type=\"column\">\n\t\t\t<div class=\"elementor-widget-wrap elementor-element-populated\">\n\t\t\t\t\t\t<div class=\"elementor-element elementor-element-6efe8f5 elementor-widget__width-initial elementor-widget elementor-widget-image\" data-id=\"6efe8f5\" data-element_type=\"widget\" data-widget_type=\"image.default\">\n\t\t\t\t<div class=\"elementor-widget-container\">\n\t\t\t\t\t\t\t\t\t\t\t\t\t\t\t\t<a href=\"https:\/\/beawhale.lt\/en\/projektu-analize\/litas-projekto-analize\/\">\n\t\t\t\t\t\t\t<img fetchpriority=\"high\" decoding=\"async\" width=\"600\" height=\"303\" src=\"https:\/\/beawhale.lt\/wp-content\/uploads\/2023\/12\/litas.io-beawhale-projektas.png\" class=\"elementor-animation-float attachment-large size-large wp-image-1736\" alt=\"\" srcset=\"https:\/\/beawhale.lt\/wp-content\/uploads\/2023\/12\/litas.io-beawhale-projektas.png 600w, https:\/\/beawhale.lt\/wp-content\/uploads\/2023\/12\/litas.io-beawhale-projektas-300x152.png 300w\" sizes=\"(max-width: 600px) 100vw, 600px\" \/>\t\t\t\t\t\t\t\t<\/a>\n\t\t\t\t\t\t\t\t\t\t\t\t\t\t\t<\/div>\n\t\t\t\t<\/div>\n\t\t\t\t<div class=\"elementor-element elementor-element-dd70991 elementor-widget elementor-widget-heading\" data-id=\"dd70991\" data-element_type=\"widget\" data-widget_type=\"heading.default\">\n\t\t\t\t<div class=\"elementor-widget-container\">\n\t\t\t\t\t<h2 class=\"elementor-heading-title elementor-size-default\"><a href=\"https:\/\/beawhale.lt\/en\/projektu-analize\/litas-projekto-analize\/\">LITAS IO<\/a><\/h2>\t\t\t\t<\/div>\n\t\t\t\t<\/div>\n\t\t\t\t\t<\/div>\n\t\t<\/div>\n\t\t\t\t<div class=\"elementor-column elementor-col-50 elementor-top-column elementor-element elementor-element-6195dfa\" data-id=\"6195dfa\" data-element_type=\"column\">\n\t\t\t<div class=\"elementor-widget-wrap elementor-element-populated\">\n\t\t\t\t\t\t<div class=\"elementor-element elementor-element-2229ead elementor-widget__width-initial elementor-widget elementor-widget-image\" data-id=\"2229ead\" data-element_type=\"widget\" data-widget_type=\"image.default\">\n\t\t\t\t<div class=\"elementor-widget-container\">\n\t\t\t\t\t\t\t\t\t\t\t\t\t\t\t\t<a href=\"https:\/\/beawhale.lt\/en\/projektu-analize\/ballistic-freaks-projekto-analize\/\">\n\t\t\t\t\t\t\t<img decoding=\"async\" width=\"600\" height=\"306\" src=\"https:\/\/beawhale.lt\/wp-content\/uploads\/2023\/12\/ballisticfreaks-beawhale-projektas.png\" class=\"elementor-animation-float attachment-large size-large wp-image-1737\" alt=\"\" srcset=\"https:\/\/beawhale.lt\/wp-content\/uploads\/2023\/12\/ballisticfreaks-beawhale-projektas.png 600w, https:\/\/beawhale.lt\/wp-content\/uploads\/2023\/12\/ballisticfreaks-beawhale-projektas-300x153.png 300w\" sizes=\"(max-width: 600px) 100vw, 600px\" \/>\t\t\t\t\t\t\t\t<\/a>\n\t\t\t\t\t\t\t\t\t\t\t\t\t\t\t<\/div>\n\t\t\t\t<\/div>\n\t\t\t\t<div class=\"elementor-element elementor-element-0173f28 elementor-widget elementor-widget-heading\" data-id=\"0173f28\" data-element_type=\"widget\" data-widget_type=\"heading.default\">\n\t\t\t\t<div class=\"elementor-widget-container\">\n\t\t\t\t\t<h2 class=\"elementor-heading-title elementor-size-default\"><a href=\"https:\/\/beawhale.lt\/en\/projektu-analize\/ballistic-freaks-projekto-analize\/\">BALLISTIC FREAKS<\/a><\/h2>\t\t\t\t<\/div>\n\t\t\t\t<\/div>\n\t\t\t\t\t<\/div>\n\t\t<\/div>\n\t\t\t\t\t<\/div>\n\t\t<\/section>\n\t\t\t\t<section class=\"elementor-section elementor-top-section elementor-element elementor-element-b2f2a37 elementor-section-boxed elementor-section-height-default elementor-section-height-default\" data-id=\"b2f2a37\" data-element_type=\"section\">\n\t\t\t\t\t\t<div class=\"elementor-container elementor-column-gap-default\">\n\t\t\t\t\t<div class=\"elementor-column elementor-col-50 elementor-top-column elementor-element elementor-element-c70ea24\" data-id=\"c70ea24\" data-element_type=\"column\">\n\t\t\t<div class=\"elementor-widget-wrap elementor-element-populated\">\n\t\t\t\t\t\t<div class=\"elementor-element elementor-element-cc9fe17 elementor-widget__width-initial elementor-widget elementor-widget-image\" data-id=\"cc9fe17\" data-element_type=\"widget\" data-widget_type=\"image.default\">\n\t\t\t\t<div class=\"elementor-widget-container\">\n\t\t\t\t\t\t\t\t\t\t\t\t\t\t\t<img decoding=\"async\" width=\"800\" height=\"408\" src=\"https:\/\/beawhale.lt\/wp-content\/uploads\/2023\/12\/shapie-beawhale-projektas-1024x522.png\" class=\"elementor-animation-float attachment-large size-large wp-image-1740\" alt=\"\" srcset=\"https:\/\/beawhale.lt\/wp-content\/uploads\/2023\/12\/shapie-beawhale-projektas-1024x522.png 1024w, https:\/\/beawhale.lt\/wp-content\/uploads\/2023\/12\/shapie-beawhale-projektas-300x153.png 300w, https:\/\/beawhale.lt\/wp-content\/uploads\/2023\/12\/shapie-beawhale-projektas-768x392.png 768w, https:\/\/beawhale.lt\/wp-content\/uploads\/2023\/12\/shapie-beawhale-projektas-1536x783.png 1536w, https:\/\/beawhale.lt\/wp-content\/uploads\/2023\/12\/shapie-beawhale-projektas-600x306.png 600w, https:\/\/beawhale.lt\/wp-content\/uploads\/2023\/12\/shapie-beawhale-projektas.png 1916w\" sizes=\"(max-width: 800px) 100vw, 800px\" \/>\t\t\t\t\t\t\t\t\t\t\t\t\t\t\t<\/div>\n\t\t\t\t<\/div>\n\t\t\t\t<div class=\"elementor-element elementor-element-149eae3 elementor-widget elementor-widget-heading\" data-id=\"149eae3\" data-element_type=\"widget\" data-widget_type=\"heading.default\">\n\t\t\t\t<div class=\"elementor-widget-container\">\n\t\t\t\t\t<h2 class=\"elementor-heading-title elementor-size-default\">SHAPIE<\/h2>\t\t\t\t<\/div>\n\t\t\t\t<\/div>\n\t\t\t\t\t<\/div>\n\t\t<\/div>\n\t\t\t\t<div class=\"elementor-column elementor-col-50 elementor-top-column elementor-element elementor-element-8e77d6a\" data-id=\"8e77d6a\" data-element_type=\"column\">\n\t\t\t<div class=\"elementor-widget-wrap elementor-element-populated\">\n\t\t\t\t\t\t<div class=\"elementor-element elementor-element-23d2a37 elementor-widget__width-initial elementor-widget elementor-widget-image\" data-id=\"23d2a37\" data-element_type=\"widget\" data-widget_type=\"image.default\">\n\t\t\t\t<div class=\"elementor-widget-container\">\n\t\t\t\t\t\t\t\t\t\t\t\t\t\t\t<img loading=\"lazy\" decoding=\"async\" width=\"800\" height=\"408\" src=\"https:\/\/beawhale.lt\/wp-content\/uploads\/2023\/12\/monkesbiznis-beawhale-projektas-1024x522.png\" class=\"elementor-animation-float attachment-large size-large wp-image-1739\" alt=\"\" srcset=\"https:\/\/beawhale.lt\/wp-content\/uploads\/2023\/12\/monkesbiznis-beawhale-projektas-1024x522.png 1024w, https:\/\/beawhale.lt\/wp-content\/uploads\/2023\/12\/monkesbiznis-beawhale-projektas-300x153.png 300w, https:\/\/beawhale.lt\/wp-content\/uploads\/2023\/12\/monkesbiznis-beawhale-projektas-768x392.png 768w, https:\/\/beawhale.lt\/wp-content\/uploads\/2023\/12\/monkesbiznis-beawhale-projektas-1536x783.png 1536w, https:\/\/beawhale.lt\/wp-content\/uploads\/2023\/12\/monkesbiznis-beawhale-projektas-600x306.png 600w, https:\/\/beawhale.lt\/wp-content\/uploads\/2023\/12\/monkesbiznis-beawhale-projektas.png 1916w\" sizes=\"(max-width: 800px) 100vw, 800px\" \/>\t\t\t\t\t\t\t\t\t\t\t\t\t\t\t<\/div>\n\t\t\t\t<\/div>\n\t\t\t\t<div class=\"elementor-element elementor-element-2e00d50 elementor-widget elementor-widget-heading\" data-id=\"2e00d50\" data-element_type=\"widget\" data-widget_type=\"heading.default\">\n\t\t\t\t<div class=\"elementor-widget-container\">\n\t\t\t\t\t<h2 class=\"elementor-heading-title elementor-size-default\">MONKES BIZNIS<\/h2>\t\t\t\t<\/div>\n\t\t\t\t<\/div>\n\t\t\t\t\t<\/div>\n\t\t<\/div>\n\t\t\t\t\t<\/div>\n\t\t<\/section>\n\t\t\t\t<section class=\"elementor-section elementor-top-section elementor-element elementor-element-045f0d3 elementor-section-boxed elementor-section-height-default elementor-section-height-default\" data-id=\"045f0d3\" data-element_type=\"section\">\n\t\t\t\t\t\t<div class=\"elementor-container elementor-column-gap-default\">\n\t\t\t\t\t<div class=\"elementor-column elementor-col-50 elementor-top-column elementor-element elementor-element-98dd3cc\" data-id=\"98dd3cc\" data-element_type=\"column\">\n\t\t\t<div class=\"elementor-widget-wrap elementor-element-populated\">\n\t\t\t\t\t\t<div class=\"elementor-element elementor-element-8f02202 elementor-widget__width-initial elementor-widget elementor-widget-image\" data-id=\"8f02202\" data-element_type=\"widget\" data-widget_type=\"image.default\">\n\t\t\t\t<div class=\"elementor-widget-container\">\n\t\t\t\t\t\t\t\t\t\t\t\t\t\t\t<img loading=\"lazy\" decoding=\"async\" width=\"800\" height=\"408\" src=\"https:\/\/beawhale.lt\/wp-content\/uploads\/2023\/12\/stovyklalaikas-beawhale-projektas-1024x522.png\" class=\"elementor-animation-float attachment-large size-large wp-image-1741\" alt=\"\" srcset=\"https:\/\/beawhale.lt\/wp-content\/uploads\/2023\/12\/stovyklalaikas-beawhale-projektas-1024x522.png 1024w, https:\/\/beawhale.lt\/wp-content\/uploads\/2023\/12\/stovyklalaikas-beawhale-projektas-300x153.png 300w, https:\/\/beawhale.lt\/wp-content\/uploads\/2023\/12\/stovyklalaikas-beawhale-projektas-768x392.png 768w, https:\/\/beawhale.lt\/wp-content\/uploads\/2023\/12\/stovyklalaikas-beawhale-projektas-1536x783.png 1536w, https:\/\/beawhale.lt\/wp-content\/uploads\/2023\/12\/stovyklalaikas-beawhale-projektas-600x306.png 600w, https:\/\/beawhale.lt\/wp-content\/uploads\/2023\/12\/stovyklalaikas-beawhale-projektas.png 1916w\" sizes=\"(max-width: 800px) 100vw, 800px\" \/>\t\t\t\t\t\t\t\t\t\t\t\t\t\t\t<\/div>\n\t\t\t\t<\/div>\n\t\t\t\t<div class=\"elementor-element elementor-element-09d8163 elementor-widget elementor-widget-heading\" data-id=\"09d8163\" data-element_type=\"widget\" data-widget_type=\"heading.default\">\n\t\t\t\t<div class=\"elementor-widget-container\">\n\t\t\t\t\t<h2 class=\"elementor-heading-title elementor-size-default\">STOVYKLA LAIKAS<\/h2>\t\t\t\t<\/div>\n\t\t\t\t<\/div>\n\t\t\t\t\t<\/div>\n\t\t<\/div>\n\t\t\t\t<div class=\"elementor-column elementor-col-50 elementor-top-column elementor-element elementor-element-803f740\" data-id=\"803f740\" data-element_type=\"column\">\n\t\t\t<div class=\"elementor-widget-wrap elementor-element-populated\">\n\t\t\t\t\t\t<div class=\"elementor-element elementor-element-c6e7309 elementor-widget__width-initial elementor-widget elementor-widget-image\" data-id=\"c6e7309\" data-element_type=\"widget\" data-widget_type=\"image.default\">\n\t\t\t\t<div class=\"elementor-widget-container\">\n\t\t\t\t\t\t\t\t\t\t\t\t\t\t\t<img loading=\"lazy\" decoding=\"async\" width=\"800\" height=\"408\" src=\"https:\/\/beawhale.lt\/wp-content\/uploads\/2023\/12\/hayejin-europe-beawhale-projektas-1024x522.png\" class=\"elementor-animation-float attachment-large size-large wp-image-1738\" alt=\"\" srcset=\"https:\/\/beawhale.lt\/wp-content\/uploads\/2023\/12\/hayejin-europe-beawhale-projektas-1024x522.png 1024w, https:\/\/beawhale.lt\/wp-content\/uploads\/2023\/12\/hayejin-europe-beawhale-projektas-300x153.png 300w, https:\/\/beawhale.lt\/wp-content\/uploads\/2023\/12\/hayejin-europe-beawhale-projektas-768x392.png 768w, https:\/\/beawhale.lt\/wp-content\/uploads\/2023\/12\/hayejin-europe-beawhale-projektas-1536x783.png 1536w, https:\/\/beawhale.lt\/wp-content\/uploads\/2023\/12\/hayejin-europe-beawhale-projektas-600x306.png 600w, https:\/\/beawhale.lt\/wp-content\/uploads\/2023\/12\/hayejin-europe-beawhale-projektas.png 1916w\" sizes=\"(max-width: 800px) 100vw, 800px\" \/>\t\t\t\t\t\t\t\t\t\t\t\t\t\t\t<\/div>\n\t\t\t\t<\/div>\n\t\t\t\t<div class=\"elementor-element elementor-element-e2f0a54 elementor-widget elementor-widget-heading\" data-id=\"e2f0a54\" data-element_type=\"widget\" data-widget_type=\"heading.default\">\n\t\t\t\t<div class=\"elementor-widget-container\">\n\t\t\t\t\t<h2 class=\"elementor-heading-title elementor-size-default\">HAYEJIN<\/h2>\t\t\t\t<\/div>\n\t\t\t\t<\/div>\n\t\t\t\t\t<\/div>\n\t\t<\/div>\n\t\t\t\t\t<\/div>\n\t\t<\/section>\n\t\t\t\t<\/div>","protected":false},"excerpt":{"rendered":"<p>PROJEKT\u0172 ANALIZ\u0116 LITAS IO BALLISTIC FREAKS SHAPIE MONKES BIZNIS STOVYKLA LAIKAS HAYEJIN<\/p>","protected":false},"author":2,"featured_media":0,"parent":0,"menu_order":0,"comment_status":"closed","ping_status":"closed","template":"","meta":{"footnotes":""},"class_list":["post-1730","page","type-page","status-publish","hentry"],"yoast_head":"<!-- This site is optimized with the Yoast SEO plugin v26.5 - https:\/\/yoast.com\/wordpress\/plugins\/seo\/ -->\n<title>Projekt\u0173 analiz\u0117 - BeAWhale<\/title>\n<meta name=\"description\" content=\"Unikalus interneto svetaini\u0173 k\u016brimas \u012fmon\u0117ms. tinklapi\u0173 k\u016brimas, elektronini\u0173 parduotuvi\u0173, puslapi\u0173 k\u016brimas, svetaini\u0173 k\u016brimas, web dizainas. Web3.\" \/>\n<meta name=\"robots\" content=\"index, follow, max-snippet:-1, max-image-preview:large, max-video-preview:-1\" \/>\n<link rel=\"canonical\" href=\"https:\/\/beawhale.lt\/en\/projektu-analize\/\" \/>\n<meta property=\"og:locale\" content=\"en_US\" \/>\n<meta property=\"og:type\" content=\"article\" \/>\n<meta property=\"og:title\" content=\"Projekt\u0173 analiz\u0117 - BeAWhale\" \/>\n<meta property=\"og:description\" content=\"Unikalus interneto svetaini\u0173 k\u016brimas \u012fmon\u0117ms. tinklapi\u0173 k\u016brimas, elektronini\u0173 parduotuvi\u0173, puslapi\u0173 k\u016brimas, svetaini\u0173 k\u016brimas, web dizainas. Web3.\" \/>\n<meta property=\"og:url\" content=\"https:\/\/beawhale.lt\/en\/projektu-analize\/\" \/>\n<meta property=\"og:site_name\" content=\"BeAWhale\" \/>\n<meta property=\"article:modified_time\" content=\"2023-12-11T15:20:18+00:00\" \/>\n<meta property=\"og:image\" content=\"https:\/\/beawhale.lt\/wp-content\/uploads\/2023\/12\/litas.io-beawhale-projektas.png\" \/>\n<meta name=\"twitter:card\" content=\"summary_large_image\" \/>\n<meta name=\"twitter:label1\" content=\"Est. reading time\" \/>\n\t<meta name=\"twitter:data1\" content=\"2 minutes\" \/>\n<script type=\"application\/ld+json\" class=\"yoast-schema-graph\">{\"@context\":\"https:\/\/schema.org\",\"@graph\":[{\"@type\":\"WebPage\",\"@id\":\"https:\/\/beawhale.lt\/projektu-analize\/\",\"url\":\"https:\/\/beawhale.lt\/projektu-analize\/\",\"name\":\"Projekt\u0173 analiz\u0117 - BeAWhale\",\"isPartOf\":{\"@id\":\"https:\/\/beawhale.lt\/#website\"},\"primaryImageOfPage\":{\"@id\":\"https:\/\/beawhale.lt\/projektu-analize\/#primaryimage\"},\"image\":{\"@id\":\"https:\/\/beawhale.lt\/projektu-analize\/#primaryimage\"},\"thumbnailUrl\":\"https:\/\/beawhale.lt\/wp-content\/uploads\/2023\/12\/litas.io-beawhale-projektas.png\",\"datePublished\":\"2023-12-09T22:27:31+00:00\",\"dateModified\":\"2023-12-11T15:20:18+00:00\",\"description\":\"Unikalus interneto svetaini\u0173 k\u016brimas \u012fmon\u0117ms. tinklapi\u0173 k\u016brimas, elektronini\u0173 parduotuvi\u0173, puslapi\u0173 k\u016brimas, svetaini\u0173 k\u016brimas, web dizainas. Web3.\",\"breadcrumb\":{\"@id\":\"https:\/\/beawhale.lt\/projektu-analize\/#breadcrumb\"},\"inLanguage\":\"en-US\",\"potentialAction\":[{\"@type\":\"ReadAction\",\"target\":[\"https:\/\/beawhale.lt\/projektu-analize\/\"]}]},{\"@type\":\"ImageObject\",\"inLanguage\":\"en-US\",\"@id\":\"https:\/\/beawhale.lt\/projektu-analize\/#primaryimage\",\"url\":\"https:\/\/beawhale.lt\/wp-content\/uploads\/2023\/12\/litas.io-beawhale-projektas.png\",\"contentUrl\":\"https:\/\/beawhale.lt\/wp-content\/uploads\/2023\/12\/litas.io-beawhale-projektas.png\"},{\"@type\":\"BreadcrumbList\",\"@id\":\"https:\/\/beawhale.lt\/projektu-analize\/#breadcrumb\",\"itemListElement\":[{\"@type\":\"ListItem\",\"position\":1,\"name\":\"Home\",\"item\":\"https:\/\/beawhale.lt\/\"},{\"@type\":\"ListItem\",\"position\":2,\"name\":\"Projekt\u0173 analiz\u0117\"}]},{\"@type\":\"WebSite\",\"@id\":\"https:\/\/beawhale.lt\/#website\",\"url\":\"https:\/\/beawhale.lt\/\",\"name\":\"BeAWhale\",\"description\":\"Interneto sprendimai unikaliems verslams\",\"publisher\":{\"@id\":\"https:\/\/beawhale.lt\/#organization\"},\"potentialAction\":[{\"@type\":\"SearchAction\",\"target\":{\"@type\":\"EntryPoint\",\"urlTemplate\":\"https:\/\/beawhale.lt\/?s={search_term_string}\"},\"query-input\":{\"@type\":\"PropertyValueSpecification\",\"valueRequired\":true,\"valueName\":\"search_term_string\"}}],\"inLanguage\":\"en-US\"},{\"@type\":\"Organization\",\"@id\":\"https:\/\/beawhale.lt\/#organization\",\"name\":\"BeAWhale\",\"url\":\"https:\/\/beawhale.lt\/\",\"logo\":{\"@type\":\"ImageObject\",\"inLanguage\":\"en-US\",\"@id\":\"https:\/\/beawhale.lt\/#\/schema\/logo\/image\/\",\"url\":\"http:\/\/beawhale.lt\/wp-content\/uploads\/2022\/12\/BE-A-WHALE-4-1.png\",\"contentUrl\":\"http:\/\/beawhale.lt\/wp-content\/uploads\/2022\/12\/BE-A-WHALE-4-1.png\",\"width\":500,\"height\":500,\"caption\":\"BeAWhale\"},\"image\":{\"@id\":\"https:\/\/beawhale.lt\/#\/schema\/logo\/image\/\"}}]}<\/script>\n<!-- \/ Yoast SEO plugin. -->","yoast_head_json":{"title":"Projekt\u0173 analiz\u0117 - BeAWhale","description":"Unikalus interneto svetaini\u0173 k\u016brimas \u012fmon\u0117ms. tinklapi\u0173 k\u016brimas, elektronini\u0173 parduotuvi\u0173, puslapi\u0173 k\u016brimas, svetaini\u0173 k\u016brimas, web dizainas. Web3.","robots":{"index":"index","follow":"follow","max-snippet":"max-snippet:-1","max-image-preview":"max-image-preview:large","max-video-preview":"max-video-preview:-1"},"canonical":"https:\/\/beawhale.lt\/en\/projektu-analize\/","og_locale":"en_US","og_type":"article","og_title":"Projekt\u0173 analiz\u0117 - BeAWhale","og_description":"Unikalus interneto svetaini\u0173 k\u016brimas \u012fmon\u0117ms. tinklapi\u0173 k\u016brimas, elektronini\u0173 parduotuvi\u0173, puslapi\u0173 k\u016brimas, svetaini\u0173 k\u016brimas, web dizainas. Web3.","og_url":"https:\/\/beawhale.lt\/en\/projektu-analize\/","og_site_name":"BeAWhale","article_modified_time":"2023-12-11T15:20:18+00:00","og_image":[{"url":"https:\/\/beawhale.lt\/wp-content\/uploads\/2023\/12\/litas.io-beawhale-projektas.png","type":"","width":"","height":""}],"twitter_card":"summary_large_image","twitter_misc":{"Est. reading time":"2 minutes"},"schema":{"@context":"https:\/\/schema.org","@graph":[{"@type":"WebPage","@id":"https:\/\/beawhale.lt\/projektu-analize\/","url":"https:\/\/beawhale.lt\/projektu-analize\/","name":"Projekt\u0173 analiz\u0117 - BeAWhale","isPartOf":{"@id":"https:\/\/beawhale.lt\/#website"},"primaryImageOfPage":{"@id":"https:\/\/beawhale.lt\/projektu-analize\/#primaryimage"},"image":{"@id":"https:\/\/beawhale.lt\/projektu-analize\/#primaryimage"},"thumbnailUrl":"https:\/\/beawhale.lt\/wp-content\/uploads\/2023\/12\/litas.io-beawhale-projektas.png","datePublished":"2023-12-09T22:27:31+00:00","dateModified":"2023-12-11T15:20:18+00:00","description":"Unikalus interneto svetaini\u0173 k\u016brimas \u012fmon\u0117ms. tinklapi\u0173 k\u016brimas, elektronini\u0173 parduotuvi\u0173, puslapi\u0173 k\u016brimas, svetaini\u0173 k\u016brimas, web dizainas. Web3.","breadcrumb":{"@id":"https:\/\/beawhale.lt\/projektu-analize\/#breadcrumb"},"inLanguage":"en-US","potentialAction":[{"@type":"ReadAction","target":["https:\/\/beawhale.lt\/projektu-analize\/"]}]},{"@type":"ImageObject","inLanguage":"en-US","@id":"https:\/\/beawhale.lt\/projektu-analize\/#primaryimage","url":"https:\/\/beawhale.lt\/wp-content\/uploads\/2023\/12\/litas.io-beawhale-projektas.png","contentUrl":"https:\/\/beawhale.lt\/wp-content\/uploads\/2023\/12\/litas.io-beawhale-projektas.png"},{"@type":"BreadcrumbList","@id":"https:\/\/beawhale.lt\/projektu-analize\/#breadcrumb","itemListElement":[{"@type":"ListItem","position":1,"name":"Home","item":"https:\/\/beawhale.lt\/"},{"@type":"ListItem","position":2,"name":"Projekt\u0173 analiz\u0117"}]},{"@type":"WebSite","@id":"https:\/\/beawhale.lt\/#website","url":"https:\/\/beawhale.lt\/","name":"BeAWhale","description":"Interneto sprendimai unikaliems verslams","publisher":{"@id":"https:\/\/beawhale.lt\/#organization"},"potentialAction":[{"@type":"SearchAction","target":{"@type":"EntryPoint","urlTemplate":"https:\/\/beawhale.lt\/?s={search_term_string}"},"query-input":{"@type":"PropertyValueSpecification","valueRequired":true,"valueName":"search_term_string"}}],"inLanguage":"en-US"},{"@type":"Organization","@id":"https:\/\/beawhale.lt\/#organization","name":"BeAWhale","url":"https:\/\/beawhale.lt\/","logo":{"@type":"ImageObject","inLanguage":"en-US","@id":"https:\/\/beawhale.lt\/#\/schema\/logo\/image\/","url":"http:\/\/beawhale.lt\/wp-content\/uploads\/2022\/12\/BE-A-WHALE-4-1.png","contentUrl":"http:\/\/beawhale.lt\/wp-content\/uploads\/2022\/12\/BE-A-WHALE-4-1.png","width":500,"height":500,"caption":"BeAWhale"},"image":{"@id":"https:\/\/beawhale.lt\/#\/schema\/logo\/image\/"}}]}},"_links":{"self":[{"href":"https:\/\/beawhale.lt\/en\/wp-json\/wp\/v2\/pages\/1730","targetHints":{"allow":["GET"]}}],"collection":[{"href":"https:\/\/beawhale.lt\/en\/wp-json\/wp\/v2\/pages"}],"about":[{"href":"https:\/\/beawhale.lt\/en\/wp-json\/wp\/v2\/types\/page"}],"author":[{"embeddable":true,"href":"https:\/\/beawhale.lt\/en\/wp-json\/wp\/v2\/users\/2"}],"replies":[{"embeddable":true,"href":"https:\/\/beawhale.lt\/en\/wp-json\/wp\/v2\/comments?post=1730"}],"version-history":[{"count":16,"href":"https:\/\/beawhale.lt\/en\/wp-json\/wp\/v2\/pages\/1730\/revisions"}],"predecessor-version":[{"id":1868,"href":"https:\/\/beawhale.lt\/en\/wp-json\/wp\/v2\/pages\/1730\/revisions\/1868"}],"wp:attachment":[{"href":"https:\/\/beawhale.lt\/en\/wp-json\/wp\/v2\/media?parent=1730"}],"curies":[{"name":"wp","href":"https:\/\/api.w.org\/{rel}","templated":true}]}}