{"id":2049,"date":"2024-04-12T00:31:27","date_gmt":"2024-04-11T21:31:27","guid":{"rendered":"https:\/\/beawhale.lt\/?page_id=2049"},"modified":"2024-04-12T00:32:02","modified_gmt":"2024-04-11T21:32:02","slug":"privatumo-politika","status":"publish","type":"page","link":"https:\/\/beawhale.lt\/en\/privatumo-politika\/","title":{"rendered":"Privatumo politika"},"content":{"rendered":"<div data-elementor-type=\"wp-page\" data-elementor-id=\"2049\" class=\"elementor elementor-2049\" data-elementor-post-type=\"page\">\n\t\t\t\t\t\t<section class=\"elementor-section elementor-top-section elementor-element elementor-element-c199de9 elementor-section-boxed elementor-section-height-default elementor-section-height-default\" data-id=\"c199de9\" data-element_type=\"section\">\n\t\t\t\t\t\t<div class=\"elementor-container elementor-column-gap-default\">\n\t\t\t\t\t<div class=\"elementor-column elementor-col-100 elementor-top-column elementor-element elementor-element-dd838b5\" data-id=\"dd838b5\" data-element_type=\"column\">\n\t\t\t<div class=\"elementor-widget-wrap elementor-element-populated\">\n\t\t\t\t\t\t<div class=\"elementor-element elementor-element-2df1660 elementor-widget elementor-widget-text-editor\" data-id=\"2df1660\" data-element_type=\"widget\" data-widget_type=\"text-editor.default\">\n\t\t\t\t<div class=\"elementor-widget-container\">\n\t\t\t\t\t\t\t\t\t<p><strong>Privatumo politika<\/strong><\/p><p>Svetain\u0117 <a href=\"https:\/\/beawhale.lt\/en\/\" target=\"_new\">https:\/\/beawhale.lt<\/a> (toliau \u2013 \u201eSvetain\u0117\u201c) yra MB &#8222;Beawhale&#8221; nuosavyb\u0117, registruota Lietuvoje. \u0160i privatumo politika nustato, kaip naudojame ir saugome informacij\u0105, kuri\u0105 gauname i\u0161 Svetain\u0117s lankytoj\u0173.<\/p><p><strong>1. Bendros nuostatos<\/strong><\/p><p>\u0160i privatumo politika taikoma visai informacijai, kuri\u0105 Svetain\u0117 gauna apie vartotojus jos naudojimo metu. Informacija apima bet koki\u0105 asmens duomen\u0173 rinkin\u012f, kur\u012f vartotojai pateikia naudodamiesi Svetain\u0117s paslaugomis.<\/p><p><strong>2. Rinkti duomenys<\/strong><\/p><p>Svetain\u0117 renka \u0161iuos duomenis:<\/p><ul><li><strong>Asmens duomenys<\/strong>: vartotojo pateikti duomenys, \u012fskaitant vard\u0105, el. pa\u0161to adres\u0105 ir kit\u0105 kontaktin\u0119 informacij\u0105, kuri\u0105 pateikiate u\u017epildydami form\u0105 svetain\u0117je arba si\u0173sdami u\u017eklaus\u0105.<\/li><li><strong>Nar\u0161ymo duomenys<\/strong>: IP adresai, nar\u0161ymo istorija, puslapi\u0173 per\u017ei\u016bros, prisijungimo laikai, nar\u0161ykl\u0117s tipas ir versija, operacin\u0117 sistema ir platforma.<\/li><li><strong>Analitikos duomenys<\/strong>: Svetain\u0117 naudoja Google Analytics, kuris renka anonimizuot\u0105 lankomumo statistik\u0105 siekiant suprasti, kaip lankytojai naudojasi svetaine ir kaip galime gerinti j\u0173 patirt\u012f.<\/li><li><strong>Rinkodaros duomenys<\/strong>: naudojant Google Ads ir Facebook Pixel, Svetain\u0117 renka duomenis apie tai, kaip vartotojai reaguoja \u012f m\u016bs\u0173 reklamas, kurias matote kitose platformose. \u0160ie \u012frankiai padeda mums matuoti reklamini\u0173 kampanij\u0173 efektyvum\u0105 ir optimizuoti b\u016bsimas strategijas.<\/li><\/ul><p><strong>3. \u201eCookies\u201c naudojimas<\/strong><\/p><p>\u201eCookies\u201c yra ma\u017ei tekstiniai failai, kurie \u012fra\u0161omi \u012f j\u016bs\u0173 \u012frengin\u012f, kai apsilankote Svetain\u0117je. Mes naudojame \u201ecookies\u201c siekdami:<\/p><ul><li>Identifikuoti gr\u012f\u017etan\u010dius lankytojus.<\/li><li>I\u0161saugoti vartotojo nuostatas ir pasirinkimus.<\/li><li>Analizuoti, kaip lankytojai naudojasi m\u016bs\u0173 svetaine. Vartotojai gali bet kada atsisakyti \u201ecookies\u201c savo interneto nar\u0161ykl\u0117je, ta\u010diau tai gali apriboti j\u0173 prieig\u0105 prie tam tikr\u0173 Svetain\u0117s funkcij\u0173.<\/li><\/ul><p><strong>4. Duomen\u0173 naudojimas<\/strong><\/p><p>Surinkti duomenys naudojami \u0161iais tikslais:<\/p><ul><li>Atsakyti \u012f vartotoj\u0173 u\u017eklausas ir teikti klient\u0173 aptarnavimo paslaugas.<\/li><li>Gerinti Svetain\u0117s turin\u012f ir paslaugas.<\/li><li>Vykdyti rinkodaros veikl\u0105 per Google Ads ir Facebook Pixel.<\/li><\/ul><p><strong>5. Duomen\u0173 saugumas<\/strong><\/p><p>MB &#8222;Beawhale&#8221; \u012fsipareigoja u\u017etikrinti, kad j\u016bs\u0173 informacija b\u016bt\u0173 saugoma. Siekiant u\u017ekirsti keli\u0105 neleistinam prieigai ar informacijos atskleidimui, \u012fdieg\u0117me tinkamas fizinio, elektroninio ir valdymo proced\u016bras, skirtas apsaugoti ir saugoti surinktus duomenis.<\/p><p><strong>6. Duomen\u0173 perdavimas tre\u010diosioms \u0161alims<\/strong><\/p><p>MB &#8222;Beawhale&#8221; negali perduoti ar parduoti asmens duomen\u0173 tre\u010diosioms \u0161alims be ai\u0161kaus vartotoj\u0173 sutikimo, i\u0161skyrus teisi\u0161kai reikalaujamais atvejais.<\/p><p><strong>7. Susisiekimas<\/strong><\/p><p>Visais klausimais, susijusiais su \u0161ia privatumo politika, pra\u0161ome kreiptis \u012f mus el. pa\u0161tu: <a target=\"_new\">info@beawhale.lt<\/a>.<\/p><p>\u0160i privatumo politika gali b\u016bti atnaujinta ar kei\u010diama be i\u0161ankstinio \u012fsp\u0117jimo, tod\u0117l rekomenduojame periodi\u0161kai per\u017ei\u016br\u0117ti \u0161i\u0105 puslap\u012f.<\/p>\t\t\t\t\t\t\t\t<\/div>\n\t\t\t\t<\/div>\n\t\t\t\t\t<\/div>\n\t\t<\/div>\n\t\t\t\t\t<\/div>\n\t\t<\/section>\n\t\t\t\t<\/div>","protected":false},"excerpt":{"rendered":"<p>Privatumo politika Svetain\u0117 https:\/\/beawhale.lt (toliau \u2013 \u201eSvetain\u0117\u201c) yra MB &#8222;Beawhale&#8221; nuosavyb\u0117, registruota Lietuvoje. \u0160i privatumo politika nustato, kaip naudojame ir saugome informacij\u0105, kuri\u0105 gauname i\u0161 Svetain\u0117s lankytoj\u0173. 1. Bendros nuostatos \u0160i privatumo politika taikoma visai informacijai, kuri\u0105 Svetain\u0117 gauna apie vartotojus jos naudojimo metu. Informacija apima bet koki\u0105 asmens duomen\u0173 rinkin\u012f, kur\u012f vartotojai pateikia naudodamiesi [&hellip;]<\/p>","protected":false},"author":2,"featured_media":0,"parent":0,"menu_order":0,"comment_status":"closed","ping_status":"closed","template":"","meta":{"footnotes":""},"class_list":["post-2049","page","type-page","status-publish","hentry"],"yoast_head":"<!-- This site is optimized with the Yoast SEO plugin v26.5 - https:\/\/yoast.com\/wordpress\/plugins\/seo\/ -->\n<title>Privatumo politika - BeAWhale<\/title>\n<meta name=\"description\" content=\"Unikalus interneto svetaini\u0173 k\u016brimas \u012fmon\u0117ms. tinklapi\u0173 k\u016brimas, elektronini\u0173 parduotuvi\u0173, puslapi\u0173 k\u016brimas, svetaini\u0173 k\u016brimas, web dizainas. Web3.\" \/>\n<meta name=\"robots\" content=\"index, follow, max-snippet:-1, max-image-preview:large, max-video-preview:-1\" \/>\n<link rel=\"canonical\" href=\"https:\/\/beawhale.lt\/en\/privatumo-politika\/\" \/>\n<meta property=\"og:locale\" content=\"en_US\" \/>\n<meta property=\"og:type\" content=\"article\" \/>\n<meta property=\"og:title\" content=\"Privatumo politika - BeAWhale\" \/>\n<meta property=\"og:description\" content=\"Unikalus interneto svetaini\u0173 k\u016brimas \u012fmon\u0117ms. tinklapi\u0173 k\u016brimas, elektronini\u0173 parduotuvi\u0173, puslapi\u0173 k\u016brimas, svetaini\u0173 k\u016brimas, web dizainas. Web3.\" \/>\n<meta property=\"og:url\" content=\"https:\/\/beawhale.lt\/en\/privatumo-politika\/\" \/>\n<meta property=\"og:site_name\" content=\"BeAWhale\" \/>\n<meta property=\"article:modified_time\" content=\"2024-04-11T21:32:02+00:00\" \/>\n<meta name=\"twitter:card\" content=\"summary_large_image\" \/>\n<meta name=\"twitter:label1\" content=\"Est. reading time\" \/>\n\t<meta name=\"twitter:data1\" content=\"2 minutes\" \/>\n<script type=\"application\/ld+json\" class=\"yoast-schema-graph\">{\"@context\":\"https:\/\/schema.org\",\"@graph\":[{\"@type\":\"WebPage\",\"@id\":\"https:\/\/beawhale.lt\/privatumo-politika\/\",\"url\":\"https:\/\/beawhale.lt\/privatumo-politika\/\",\"name\":\"Privatumo politika - BeAWhale\",\"isPartOf\":{\"@id\":\"https:\/\/beawhale.lt\/#website\"},\"datePublished\":\"2024-04-11T21:31:27+00:00\",\"dateModified\":\"2024-04-11T21:32:02+00:00\",\"description\":\"Unikalus interneto svetaini\u0173 k\u016brimas \u012fmon\u0117ms. tinklapi\u0173 k\u016brimas, elektronini\u0173 parduotuvi\u0173, puslapi\u0173 k\u016brimas, svetaini\u0173 k\u016brimas, web dizainas. Web3.\",\"breadcrumb\":{\"@id\":\"https:\/\/beawhale.lt\/privatumo-politika\/#breadcrumb\"},\"inLanguage\":\"en-US\",\"potentialAction\":[{\"@type\":\"ReadAction\",\"target\":[\"https:\/\/beawhale.lt\/privatumo-politika\/\"]}]},{\"@type\":\"BreadcrumbList\",\"@id\":\"https:\/\/beawhale.lt\/privatumo-politika\/#breadcrumb\",\"itemListElement\":[{\"@type\":\"ListItem\",\"position\":1,\"name\":\"Home\",\"item\":\"https:\/\/beawhale.lt\/\"},{\"@type\":\"ListItem\",\"position\":2,\"name\":\"Privatumo politika\"}]},{\"@type\":\"WebSite\",\"@id\":\"https:\/\/beawhale.lt\/#website\",\"url\":\"https:\/\/beawhale.lt\/\",\"name\":\"BeAWhale\",\"description\":\"Interneto sprendimai unikaliems verslams\",\"publisher\":{\"@id\":\"https:\/\/beawhale.lt\/#organization\"},\"potentialAction\":[{\"@type\":\"SearchAction\",\"target\":{\"@type\":\"EntryPoint\",\"urlTemplate\":\"https:\/\/beawhale.lt\/?s={search_term_string}\"},\"query-input\":{\"@type\":\"PropertyValueSpecification\",\"valueRequired\":true,\"valueName\":\"search_term_string\"}}],\"inLanguage\":\"en-US\"},{\"@type\":\"Organization\",\"@id\":\"https:\/\/beawhale.lt\/#organization\",\"name\":\"BeAWhale\",\"url\":\"https:\/\/beawhale.lt\/\",\"logo\":{\"@type\":\"ImageObject\",\"inLanguage\":\"en-US\",\"@id\":\"https:\/\/beawhale.lt\/#\/schema\/logo\/image\/\",\"url\":\"http:\/\/beawhale.lt\/wp-content\/uploads\/2022\/12\/BE-A-WHALE-4-1.png\",\"contentUrl\":\"http:\/\/beawhale.lt\/wp-content\/uploads\/2022\/12\/BE-A-WHALE-4-1.png\",\"width\":500,\"height\":500,\"caption\":\"BeAWhale\"},\"image\":{\"@id\":\"https:\/\/beawhale.lt\/#\/schema\/logo\/image\/\"}}]}<\/script>\n<!-- \/ Yoast SEO plugin. -->","yoast_head_json":{"title":"Privatumo politika - BeAWhale","description":"Unikalus interneto svetaini\u0173 k\u016brimas \u012fmon\u0117ms. tinklapi\u0173 k\u016brimas, elektronini\u0173 parduotuvi\u0173, puslapi\u0173 k\u016brimas, svetaini\u0173 k\u016brimas, web dizainas. Web3.","robots":{"index":"index","follow":"follow","max-snippet":"max-snippet:-1","max-image-preview":"max-image-preview:large","max-video-preview":"max-video-preview:-1"},"canonical":"https:\/\/beawhale.lt\/en\/privatumo-politika\/","og_locale":"en_US","og_type":"article","og_title":"Privatumo politika - BeAWhale","og_description":"Unikalus interneto svetaini\u0173 k\u016brimas \u012fmon\u0117ms. tinklapi\u0173 k\u016brimas, elektronini\u0173 parduotuvi\u0173, puslapi\u0173 k\u016brimas, svetaini\u0173 k\u016brimas, web dizainas. Web3.","og_url":"https:\/\/beawhale.lt\/en\/privatumo-politika\/","og_site_name":"BeAWhale","article_modified_time":"2024-04-11T21:32:02+00:00","twitter_card":"summary_large_image","twitter_misc":{"Est. reading time":"2 minutes"},"schema":{"@context":"https:\/\/schema.org","@graph":[{"@type":"WebPage","@id":"https:\/\/beawhale.lt\/privatumo-politika\/","url":"https:\/\/beawhale.lt\/privatumo-politika\/","name":"Privatumo politika - BeAWhale","isPartOf":{"@id":"https:\/\/beawhale.lt\/#website"},"datePublished":"2024-04-11T21:31:27+00:00","dateModified":"2024-04-11T21:32:02+00:00","description":"Unikalus interneto svetaini\u0173 k\u016brimas \u012fmon\u0117ms. tinklapi\u0173 k\u016brimas, elektronini\u0173 parduotuvi\u0173, puslapi\u0173 k\u016brimas, svetaini\u0173 k\u016brimas, web dizainas. Web3.","breadcrumb":{"@id":"https:\/\/beawhale.lt\/privatumo-politika\/#breadcrumb"},"inLanguage":"en-US","potentialAction":[{"@type":"ReadAction","target":["https:\/\/beawhale.lt\/privatumo-politika\/"]}]},{"@type":"BreadcrumbList","@id":"https:\/\/beawhale.lt\/privatumo-politika\/#breadcrumb","itemListElement":[{"@type":"ListItem","position":1,"name":"Home","item":"https:\/\/beawhale.lt\/"},{"@type":"ListItem","position":2,"name":"Privatumo politika"}]},{"@type":"WebSite","@id":"https:\/\/beawhale.lt\/#website","url":"https:\/\/beawhale.lt\/","name":"BeAWhale","description":"Interneto sprendimai unikaliems verslams","publisher":{"@id":"https:\/\/beawhale.lt\/#organization"},"potentialAction":[{"@type":"SearchAction","target":{"@type":"EntryPoint","urlTemplate":"https:\/\/beawhale.lt\/?s={search_term_string}"},"query-input":{"@type":"PropertyValueSpecification","valueRequired":true,"valueName":"search_term_string"}}],"inLanguage":"en-US"},{"@type":"Organization","@id":"https:\/\/beawhale.lt\/#organization","name":"BeAWhale","url":"https:\/\/beawhale.lt\/","logo":{"@type":"ImageObject","inLanguage":"en-US","@id":"https:\/\/beawhale.lt\/#\/schema\/logo\/image\/","url":"http:\/\/beawhale.lt\/wp-content\/uploads\/2022\/12\/BE-A-WHALE-4-1.png","contentUrl":"http:\/\/beawhale.lt\/wp-content\/uploads\/2022\/12\/BE-A-WHALE-4-1.png","width":500,"height":500,"caption":"BeAWhale"},"image":{"@id":"https:\/\/beawhale.lt\/#\/schema\/logo\/image\/"}}]}},"_links":{"self":[{"href":"https:\/\/beawhale.lt\/en\/wp-json\/wp\/v2\/pages\/2049","targetHints":{"allow":["GET"]}}],"collection":[{"href":"https:\/\/beawhale.lt\/en\/wp-json\/wp\/v2\/pages"}],"about":[{"href":"https:\/\/beawhale.lt\/en\/wp-json\/wp\/v2\/types\/page"}],"author":[{"embeddable":true,"href":"https:\/\/beawhale.lt\/en\/wp-json\/wp\/v2\/users\/2"}],"replies":[{"embeddable":true,"href":"https:\/\/beawhale.lt\/en\/wp-json\/wp\/v2\/comments?post=2049"}],"version-history":[{"count":4,"href":"https:\/\/beawhale.lt\/en\/wp-json\/wp\/v2\/pages\/2049\/revisions"}],"predecessor-version":[{"id":2053,"href":"https:\/\/beawhale.lt\/en\/wp-json\/wp\/v2\/pages\/2049\/revisions\/2053"}],"wp:attachment":[{"href":"https:\/\/beawhale.lt\/en\/wp-json\/wp\/v2\/media?parent=2049"}],"curies":[{"name":"wp","href":"https:\/\/api.w.org\/{rel}","templated":true}]}}