{"id":2079,"date":"2024-08-14T20:15:10","date_gmt":"2024-08-14T17:15:10","guid":{"rendered":"https:\/\/beawhale.lt\/?page_id=2079"},"modified":"2024-08-14T20:16:35","modified_gmt":"2024-08-14T17:16:35","slug":"slapuku-politika","status":"publish","type":"page","link":"https:\/\/beawhale.lt\/en\/slapuku-politika\/","title":{"rendered":"Slapuk\u0173 politika"},"content":{"rendered":"<div data-elementor-type=\"wp-page\" data-elementor-id=\"2079\" class=\"elementor elementor-2079\" data-elementor-post-type=\"page\">\n\t\t\t\t\t\t<section class=\"elementor-section elementor-top-section elementor-element elementor-element-2fb4756 elementor-section-boxed elementor-section-height-default elementor-section-height-default\" data-id=\"2fb4756\" data-element_type=\"section\">\n\t\t\t\t\t\t<div class=\"elementor-container elementor-column-gap-default\">\n\t\t\t\t\t<div class=\"elementor-column elementor-col-100 elementor-top-column elementor-element elementor-element-b382577\" data-id=\"b382577\" data-element_type=\"column\">\n\t\t\t<div class=\"elementor-widget-wrap elementor-element-populated\">\n\t\t\t\t\t\t<div class=\"elementor-element elementor-element-347d06e elementor-widget elementor-widget-text-editor\" data-id=\"347d06e\" data-element_type=\"widget\" data-widget_type=\"text-editor.default\">\n\t\t\t\t<div class=\"elementor-widget-container\">\n\t\t\t\t\t\t\t\t\t<h3>Slapuk\u0173 politika<\/h3>\n<p>Sveiki atvyk\u0119 \u012f Beawhale svetain\u0119!<\/p>\n<p>Mes vertiname j\u016bs\u0173 privatum\u0105 ir esame \u012fsipareigoj\u0119 u\u017etikrinti, kad j\u016bs\u0173 asmens duomenys b\u016bt\u0173 saug\u016bs. \u0160i slapuk\u0173 politika paai\u0161kina, kaip ir kod\u0117l naudojame slapukus, bei kokias teises turite d\u0117l savo asmens duomen\u0173 apsaugos.<\/p>\n<h4>Kas yra slapukai?<\/h4>\n<p>Slapukai yra nedideli tekstiniai failai, kurie saugomi j\u016bs\u0173 kompiuteryje arba mobiliajame \u012frenginyje, kai lankot\u0117s m\u016bs\u0173 svetain\u0117je. Slapukai padeda m\u016bs\u0173 svetainei atpa\u017einti j\u016bs\u0173 \u012frengin\u012f ir i\u0161saugoti tam tikr\u0105 informacij\u0105 apie j\u016bs\u0173 apsilankym\u0105, kad v\u0117liau gal\u0117tume suteikti jums geresn\u0119 patirt\u012f.<\/p>\n<h4>Koki\u0173 tip\u0173 slapukus naudojame?<\/h4>\n<ol>\n<li>\n<p><strong>B\u016btinieji slapukai<\/strong><br>\u0160ie slapukai yra b\u016btini, kad m\u016bs\u0173 svetain\u0117 gal\u0117t\u0173 tinkamai veikti. Jie leid\u017eia jums naudotis pagrindin\u0117mis svetain\u0117s funkcijomis, tokiomis kaip prisijungimas prie saugi\u0173 svetain\u0117s sri\u010di\u0173 arba apsipirkimas internetin\u0117je parduotuv\u0117je. Be \u0161i\u0173 slapuk\u0173, tam tikros svetain\u0117s dalys gali neveikti taip, kaip tur\u0117t\u0173.<\/p>\n<\/li>\n<li>\n<p><strong>Funkciniai slapukai<\/strong><br>Funkciniai slapukai leid\u017eia m\u016bs\u0173 svetainei prisiminti j\u016bs\u0173 pasirinkimus (pvz., kalbos nustatymus arba region\u0105) ir teikti patobulintas, personalizuotas funkcijas. \u0160ie slapukai gali b\u016bti naudojami ir j\u016bs\u0173 pra\u0161omoms paslaugoms teikti, pvz., vaizdo \u012fra\u0161ams per\u017ei\u016br\u0117ti ar socialini\u0173 tinkl\u0173 turiniui dalintis.<\/p>\n<\/li>\n<li>\n<p><strong>Analitiniai \/ veiklos slapukai<\/strong><br>Analitiniai slapukai renka informacij\u0105 apie tai, kaip lankytojai naudojasi m\u016bs\u0173 svetaine, pvz., kurie puslapiai yra lankomi da\u017eniausiai ir ar lankytojai gauna klaid\u0173 prane\u0161imus i\u0161 svetain\u0117s puslapi\u0173. \u0160ie slapukai padeda mums tobulinti svetain\u0117s funkcionalum\u0105 ir efektyvum\u0105.<\/p>\n<\/li>\n<li>\n<p><strong>Reklaminiai slapukai<\/strong><br>Reklaminiai slapukai naudojami reklamai jums pritaikyti. Jie renka informacij\u0105 apie j\u016bs\u0173 nar\u0161ymo \u012fpro\u010dius ir leid\u017eia mums rodyti reklamas, kurios labiausiai atitinka j\u016bs\u0173 interesus. Taip pat, \u0161ie slapukai gali pad\u0117ti \u012fvertinti reklamos kampanij\u0173 efektyvum\u0105.<\/p>\n<\/li>\n<\/ol>\n<h4>Tre\u010di\u0173j\u0173 \u0161ali\u0173 slapukai<\/h4>\n<p>M\u016bs\u0173 svetain\u0117je gali b\u016bti naudojami ir tre\u010di\u0173j\u0173 \u0161ali\u0173 slapukai. Pavyzd\u017eiui, kai kurie m\u016bs\u0173 partneriai, tokie kaip reklamos tinklai ar analitikos paslaug\u0173 teik\u0117jai, gali naudoti slapukus j\u016bs\u0173 nar\u0161ymo informacijai rinkti ir jums aktualiems skelbimams teikti. Tre\u010di\u0173j\u0173 \u0161ali\u0173 slapukai yra valdomi ne m\u016bs\u0173, o atitinkam\u0173 tre\u010di\u0173j\u0173 \u0161ali\u0173, tod\u0117l mes rekomenduojame per\u017ei\u016br\u0117ti j\u0173 privatumo politik\u0105.<\/p>\n<h4>Kaip valdyti slapukus?<\/h4>\n<p>J\u016bs galite kontroliuoti ir (arba) i\u0161trinti slapukus pagal savo pageidavimus. Dauguma nar\u0161ykli\u0173 leid\u017eia jums valdyti slapukus per savo nustatymus. J\u016bs galite i\u0161trinti visus slapukus, kurie jau yra j\u016bs\u0173 kompiuteryje, ir nustatyti nar\u0161ykl\u0119 taip, kad ji neleist\u0173 slapuk\u0173. Ta\u010diau tokiu atveju gali tekti rankiniu b\u016bdu sureguliuoti kai kurias parinktis kiekvien\u0105 kart\u0105 lankantis svetain\u0117je, o kai kurios funkcijos gali neveikti.<\/p>\n<h4>Kontaktin\u0117 informacija<\/h4>\n<p>Jei turite klausim\u0173 apie m\u016bs\u0173 slapuk\u0173 politik\u0105 ar norite gauti daugiau informacijos apie tai, kaip mes naudojame slapukus, pra\u0161ome susisiekti su mumis:<\/p>\n<p><strong>\u012emon\u0117:<\/strong> Beawhale, MB<br><strong>El. pa\u0161tas:<\/strong> <a rel=\"noreferrer\">info@beawhale.lt<\/a><br><\/p>\n<p>J\u016bs\u0173 privatumas mums yra svarbus, tod\u0117l esame pasireng\u0119 suteikti jums vis\u0105 reikiam\u0105 informacij\u0105 ir pagalb\u0105. A\u010di\u016b, kad lankot\u0117s m\u016bs\u0173 svetain\u0117je ir naudojat\u0117s m\u016bs\u0173 paslaugomis!<\/p>\t\t\t\t\t\t\t\t<\/div>\n\t\t\t\t<\/div>\n\t\t\t\t\t<\/div>\n\t\t<\/div>\n\t\t\t\t\t<\/div>\n\t\t<\/section>\n\t\t\t\t<\/div>","protected":false},"excerpt":{"rendered":"<p>Slapuk\u0173 politika Sveiki atvyk\u0119 \u012f Beawhale svetain\u0119! Mes vertiname j\u016bs\u0173 privatum\u0105 ir esame \u012fsipareigoj\u0119 u\u017etikrinti, kad j\u016bs\u0173 asmens duomenys b\u016bt\u0173 saug\u016bs. \u0160i slapuk\u0173 politika paai\u0161kina, kaip ir kod\u0117l naudojame slapukus, bei kokias teises turite d\u0117l savo asmens duomen\u0173 apsaugos. Kas yra slapukai? Slapukai yra nedideli tekstiniai failai, kurie saugomi j\u016bs\u0173 kompiuteryje arba mobiliajame \u012frenginyje, kai [&hellip;]<\/p>","protected":false},"author":2,"featured_media":0,"parent":0,"menu_order":0,"comment_status":"closed","ping_status":"closed","template":"","meta":{"footnotes":""},"class_list":["post-2079","page","type-page","status-publish","hentry"],"yoast_head":"<!-- This site is optimized with the Yoast SEO plugin v26.5 - https:\/\/yoast.com\/wordpress\/plugins\/seo\/ -->\n<title>Slapuk\u0173 politika - BeAWhale<\/title>\n<meta name=\"description\" content=\"Unikalus interneto svetaini\u0173 k\u016brimas \u012fmon\u0117ms. tinklapi\u0173 k\u016brimas, elektronini\u0173 parduotuvi\u0173, puslapi\u0173 k\u016brimas, svetaini\u0173 k\u016brimas, web dizainas. Web3.\" \/>\n<meta name=\"robots\" content=\"index, follow, max-snippet:-1, max-image-preview:large, max-video-preview:-1\" \/>\n<link rel=\"canonical\" href=\"https:\/\/beawhale.lt\/en\/slapuku-politika\/\" \/>\n<meta property=\"og:locale\" content=\"en_US\" \/>\n<meta property=\"og:type\" content=\"article\" \/>\n<meta property=\"og:title\" content=\"Slapuk\u0173 politika - BeAWhale\" \/>\n<meta property=\"og:description\" content=\"Unikalus interneto svetaini\u0173 k\u016brimas \u012fmon\u0117ms. tinklapi\u0173 k\u016brimas, elektronini\u0173 parduotuvi\u0173, puslapi\u0173 k\u016brimas, svetaini\u0173 k\u016brimas, web dizainas. Web3.\" \/>\n<meta property=\"og:url\" content=\"https:\/\/beawhale.lt\/en\/slapuku-politika\/\" \/>\n<meta property=\"og:site_name\" content=\"BeAWhale\" \/>\n<meta property=\"article:modified_time\" content=\"2024-08-14T17:16:35+00:00\" \/>\n<meta name=\"twitter:card\" content=\"summary_large_image\" \/>\n<meta name=\"twitter:label1\" content=\"Est. reading time\" \/>\n\t<meta name=\"twitter:data1\" content=\"3 minutes\" \/>\n<script type=\"application\/ld+json\" class=\"yoast-schema-graph\">{\"@context\":\"https:\/\/schema.org\",\"@graph\":[{\"@type\":\"WebPage\",\"@id\":\"https:\/\/beawhale.lt\/slapuku-politika\/\",\"url\":\"https:\/\/beawhale.lt\/slapuku-politika\/\",\"name\":\"Slapuk\u0173 politika - BeAWhale\",\"isPartOf\":{\"@id\":\"https:\/\/beawhale.lt\/#website\"},\"datePublished\":\"2024-08-14T17:15:10+00:00\",\"dateModified\":\"2024-08-14T17:16:35+00:00\",\"description\":\"Unikalus interneto svetaini\u0173 k\u016brimas \u012fmon\u0117ms. tinklapi\u0173 k\u016brimas, elektronini\u0173 parduotuvi\u0173, puslapi\u0173 k\u016brimas, svetaini\u0173 k\u016brimas, web dizainas. Web3.\",\"breadcrumb\":{\"@id\":\"https:\/\/beawhale.lt\/slapuku-politika\/#breadcrumb\"},\"inLanguage\":\"en-US\",\"potentialAction\":[{\"@type\":\"ReadAction\",\"target\":[\"https:\/\/beawhale.lt\/slapuku-politika\/\"]}]},{\"@type\":\"BreadcrumbList\",\"@id\":\"https:\/\/beawhale.lt\/slapuku-politika\/#breadcrumb\",\"itemListElement\":[{\"@type\":\"ListItem\",\"position\":1,\"name\":\"Home\",\"item\":\"https:\/\/beawhale.lt\/\"},{\"@type\":\"ListItem\",\"position\":2,\"name\":\"Slapuk\u0173 politika\"}]},{\"@type\":\"WebSite\",\"@id\":\"https:\/\/beawhale.lt\/#website\",\"url\":\"https:\/\/beawhale.lt\/\",\"name\":\"BeAWhale\",\"description\":\"Interneto sprendimai unikaliems verslams\",\"publisher\":{\"@id\":\"https:\/\/beawhale.lt\/#organization\"},\"potentialAction\":[{\"@type\":\"SearchAction\",\"target\":{\"@type\":\"EntryPoint\",\"urlTemplate\":\"https:\/\/beawhale.lt\/?s={search_term_string}\"},\"query-input\":{\"@type\":\"PropertyValueSpecification\",\"valueRequired\":true,\"valueName\":\"search_term_string\"}}],\"inLanguage\":\"en-US\"},{\"@type\":\"Organization\",\"@id\":\"https:\/\/beawhale.lt\/#organization\",\"name\":\"BeAWhale\",\"url\":\"https:\/\/beawhale.lt\/\",\"logo\":{\"@type\":\"ImageObject\",\"inLanguage\":\"en-US\",\"@id\":\"https:\/\/beawhale.lt\/#\/schema\/logo\/image\/\",\"url\":\"http:\/\/beawhale.lt\/wp-content\/uploads\/2022\/12\/BE-A-WHALE-4-1.png\",\"contentUrl\":\"http:\/\/beawhale.lt\/wp-content\/uploads\/2022\/12\/BE-A-WHALE-4-1.png\",\"width\":500,\"height\":500,\"caption\":\"BeAWhale\"},\"image\":{\"@id\":\"https:\/\/beawhale.lt\/#\/schema\/logo\/image\/\"}}]}<\/script>\n<!-- \/ Yoast SEO plugin. -->","yoast_head_json":{"title":"Slapuk\u0173 politika - BeAWhale","description":"Unikalus interneto svetaini\u0173 k\u016brimas \u012fmon\u0117ms. tinklapi\u0173 k\u016brimas, elektronini\u0173 parduotuvi\u0173, puslapi\u0173 k\u016brimas, svetaini\u0173 k\u016brimas, web dizainas. Web3.","robots":{"index":"index","follow":"follow","max-snippet":"max-snippet:-1","max-image-preview":"max-image-preview:large","max-video-preview":"max-video-preview:-1"},"canonical":"https:\/\/beawhale.lt\/en\/slapuku-politika\/","og_locale":"en_US","og_type":"article","og_title":"Slapuk\u0173 politika - BeAWhale","og_description":"Unikalus interneto svetaini\u0173 k\u016brimas \u012fmon\u0117ms. tinklapi\u0173 k\u016brimas, elektronini\u0173 parduotuvi\u0173, puslapi\u0173 k\u016brimas, svetaini\u0173 k\u016brimas, web dizainas. Web3.","og_url":"https:\/\/beawhale.lt\/en\/slapuku-politika\/","og_site_name":"BeAWhale","article_modified_time":"2024-08-14T17:16:35+00:00","twitter_card":"summary_large_image","twitter_misc":{"Est. reading time":"3 minutes"},"schema":{"@context":"https:\/\/schema.org","@graph":[{"@type":"WebPage","@id":"https:\/\/beawhale.lt\/slapuku-politika\/","url":"https:\/\/beawhale.lt\/slapuku-politika\/","name":"Slapuk\u0173 politika - BeAWhale","isPartOf":{"@id":"https:\/\/beawhale.lt\/#website"},"datePublished":"2024-08-14T17:15:10+00:00","dateModified":"2024-08-14T17:16:35+00:00","description":"Unikalus interneto svetaini\u0173 k\u016brimas \u012fmon\u0117ms. tinklapi\u0173 k\u016brimas, elektronini\u0173 parduotuvi\u0173, puslapi\u0173 k\u016brimas, svetaini\u0173 k\u016brimas, web dizainas. Web3.","breadcrumb":{"@id":"https:\/\/beawhale.lt\/slapuku-politika\/#breadcrumb"},"inLanguage":"en-US","potentialAction":[{"@type":"ReadAction","target":["https:\/\/beawhale.lt\/slapuku-politika\/"]}]},{"@type":"BreadcrumbList","@id":"https:\/\/beawhale.lt\/slapuku-politika\/#breadcrumb","itemListElement":[{"@type":"ListItem","position":1,"name":"Home","item":"https:\/\/beawhale.lt\/"},{"@type":"ListItem","position":2,"name":"Slapuk\u0173 politika"}]},{"@type":"WebSite","@id":"https:\/\/beawhale.lt\/#website","url":"https:\/\/beawhale.lt\/","name":"BeAWhale","description":"Interneto sprendimai unikaliems verslams","publisher":{"@id":"https:\/\/beawhale.lt\/#organization"},"potentialAction":[{"@type":"SearchAction","target":{"@type":"EntryPoint","urlTemplate":"https:\/\/beawhale.lt\/?s={search_term_string}"},"query-input":{"@type":"PropertyValueSpecification","valueRequired":true,"valueName":"search_term_string"}}],"inLanguage":"en-US"},{"@type":"Organization","@id":"https:\/\/beawhale.lt\/#organization","name":"BeAWhale","url":"https:\/\/beawhale.lt\/","logo":{"@type":"ImageObject","inLanguage":"en-US","@id":"https:\/\/beawhale.lt\/#\/schema\/logo\/image\/","url":"http:\/\/beawhale.lt\/wp-content\/uploads\/2022\/12\/BE-A-WHALE-4-1.png","contentUrl":"http:\/\/beawhale.lt\/wp-content\/uploads\/2022\/12\/BE-A-WHALE-4-1.png","width":500,"height":500,"caption":"BeAWhale"},"image":{"@id":"https:\/\/beawhale.lt\/#\/schema\/logo\/image\/"}}]}},"_links":{"self":[{"href":"https:\/\/beawhale.lt\/en\/wp-json\/wp\/v2\/pages\/2079","targetHints":{"allow":["GET"]}}],"collection":[{"href":"https:\/\/beawhale.lt\/en\/wp-json\/wp\/v2\/pages"}],"about":[{"href":"https:\/\/beawhale.lt\/en\/wp-json\/wp\/v2\/types\/page"}],"author":[{"embeddable":true,"href":"https:\/\/beawhale.lt\/en\/wp-json\/wp\/v2\/users\/2"}],"replies":[{"embeddable":true,"href":"https:\/\/beawhale.lt\/en\/wp-json\/wp\/v2\/comments?post=2079"}],"version-history":[{"count":7,"href":"https:\/\/beawhale.lt\/en\/wp-json\/wp\/v2\/pages\/2079\/revisions"}],"predecessor-version":[{"id":2086,"href":"https:\/\/beawhale.lt\/en\/wp-json\/wp\/v2\/pages\/2079\/revisions\/2086"}],"wp:attachment":[{"href":"https:\/\/beawhale.lt\/en\/wp-json\/wp\/v2\/media?parent=2079"}],"curies":[{"name":"wp","href":"https:\/\/api.w.org\/{rel}","templated":true}]}}